{"id":13523,"date":"2023-02-09T10:09:23","date_gmt":"2023-02-09T09:09:23","guid":{"rendered":"https:\/\/www.starfelt.se\/?page_id=13523"},"modified":"2023-02-09T10:09:23","modified_gmt":"2023-02-09T09:09:23","slug":"utbildningsplattform-for-audiovisuell-teknik","status":"publish","type":"page","link":"https:\/\/dev.starfelt.se\/index.php\/utbildningsplattform-for-audiovisuell-teknik\/","title":{"rendered":"Utbildningsplattform f\u00f6r audiovisuell teknik"},"content":{"rendered":"\t\t<div data-elementor-type=\"wp-page\" data-elementor-id=\"13523\" class=\"elementor elementor-13523\" data-elementor-post-type=\"page\">\n\t\t\t\t<div class=\"elementor-element elementor-element-2a7c089 e-flex e-con-boxed e-con e-parent\" data-id=\"2a7c089\" data-element_type=\"container\">\n\t\t\t\t\t<div class=\"e-con-inner\">\n\t\t\t\t<div class=\"elementor-element elementor-element-3b79fd0 elementor-widget elementor-widget-text-editor\" data-id=\"3b79fd0\" data-element_type=\"widget\" data-widget_type=\"text-editor.default\">\n\t\t\t\t<div class=\"elementor-widget-container\">\n\t\t\t\t\t\t\t\t\t<p><strong>V\u00e4lkommen till v\u00e5r Utbildningsplattform f\u00f6r audiovisuell teknik!<\/strong><\/p><p>\u00a0<\/p><p>H\u00e4r erbjuder vi installat\u00f6rer, projekt\u00f6rer och s\u00e4ljare chansen att f\u00f6rdjupa sina kunskaper genom specialiserade kurser.<\/p><p>Deltagande i v\u00e5ra utbildningar ger inte bara ett certifikat som bekr\u00e4ftar din kompetens, utan \u00e4ven exklusiv f\u00f6rhandsinformation om kommande produktlanseringar, och m\u00f6jlighet till n\u00e4ra samarbete och projektst\u00f6d.<\/p><p>\u00a0<\/p><p>H\u00e5ll dig informerad om v\u00e5ra kommande utbildningar s\u00e5 att du kan st\u00e4rka dina f\u00e4rdigheter och maximera din potential inom teknikbranschen. Bes\u00f6k g\u00e4rna v\u00e5r Utbildningsplattform f\u00f6r audiovisuell teknik regelbundet f\u00f6r att inte missa n\u00e5gra uppdateringar!<\/p>\t\t\t\t\t\t\t\t<\/div>\n\t\t\t\t<\/div>\n\t\t\t\t<div class=\"elementor-element elementor-element-be522dd elementor-widget elementor-widget-heading\" data-id=\"be522dd\" data-element_type=\"widget\" data-widget_type=\"heading.default\">\n\t\t\t\t<div class=\"elementor-widget-container\">\n\t\t\t\t\t<h2 class=\"elementor-heading-title elementor-size-default\">Kurser<\/h2>\t\t\t\t<\/div>\n\t\t\t\t<\/div>\n\t\t\t\t\t<\/div>\n\t\t\t\t<\/div>\n\t\t<div class=\"elementor-element elementor-element-84a10f9 e-flex e-con-boxed e-con e-parent\" data-id=\"84a10f9\" data-element_type=\"container\">\n\t\t\t\t\t<div class=\"e-con-inner\">\n\t\t<div class=\"elementor-element elementor-element-758f3e3 e-con-full e-flex e-con e-child\" data-id=\"758f3e3\" data-element_type=\"container\">\n\t\t\t\t<div class=\"elementor-element elementor-element-14f9354 elementor-widget elementor-widget-text-editor\" data-id=\"14f9354\" data-element_type=\"widget\" data-widget_type=\"text-editor.default\">\n\t\t\t\t<div class=\"elementor-widget-container\">\n\t\t\t\t\t\t\t\t\t<h3>Audac Certifierad Partner<\/h3><ul><li>N\u00e4ra samarbete och projektst\u00f6d<\/li><li>Partnerrabatt p\u00e5 nyckelprodukter<\/li><li><span class=\"elementor-icon-list-text\">F\u00f6rhandsinformation inf\u00f6r produktlanseringar<\/span><\/li><li><span class=\"elementor-icon-list-text\">Deltagare f\u00e5r efter godk\u00e4nda kurser ett certifikat<\/span><\/li><li><span class=\"elementor-icon-list-text\">F\u00f6retaget listas som Audac Partner p\u00e5 v\u00e5r hemsida<\/span><\/li><\/ul>\t\t\t\t\t\t\t\t<\/div>\n\t\t\t\t<\/div>\n\t\t\t\t<\/div>\n\t\t<div class=\"elementor-element elementor-element-2fd80fb e-con-full e-flex e-con e-child\" data-id=\"2fd80fb\" data-element_type=\"container\">\n\t\t\t\t<div class=\"elementor-element elementor-element-62d5fef elementor-widget elementor-widget-image\" data-id=\"62d5fef\" data-element_type=\"widget\" data-widget_type=\"image.default\">\n\t\t\t\t<div class=\"elementor-widget-container\">\n\t\t\t\t\t\t\t\t\t\t\t\t\t\t\t<img decoding=\"async\" src=\"https:\/\/www.starfelt.se\/wp-content\/uploads\/2024\/01\/AUDAC-Certified-Partner-Black.png\" title=\"\" alt=\"Audac partner\" loading=\"lazy\" \/>\t\t\t\t\t\t\t\t\t\t\t\t\t\t\t<\/div>\n\t\t\t\t<\/div>\n\t\t\t\t<\/div>\n\t\t\t\t\t<\/div>\n\t\t\t\t<\/div>\n\t\t<div class=\"elementor-element elementor-element-ecbca97 e-flex e-con-boxed e-con e-parent\" data-id=\"ecbca97\" data-element_type=\"container\" data-settings=\"{&quot;background_background&quot;:&quot;classic&quot;}\">\n\t\t\t\t\t<div class=\"e-con-inner\">\n\t\t<div class=\"elementor-element elementor-element-79f1c23 e-con-full e-flex e-con e-child\" data-id=\"79f1c23\" data-element_type=\"container\">\n\t\t\t\t<div class=\"elementor-element elementor-element-bf47458 elementor-widget elementor-widget-heading\" data-id=\"bf47458\" data-element_type=\"widget\" data-widget_type=\"heading.default\">\n\t\t\t\t<div class=\"elementor-widget-container\">\n\t\t\t\t\t<h4 class=\"elementor-heading-title elementor-size-default\">Hur g\u00f6r jag f\u00f6r att bli Audac Certifierad Partner<\/h4>\t\t\t\t<\/div>\n\t\t\t\t<\/div>\n\t\t\t\t<div class=\"elementor-element elementor-element-7bef495 elementor-widget elementor-widget-text-editor\" data-id=\"7bef495\" data-element_type=\"widget\" data-widget_type=\"text-editor.default\">\n\t\t\t\t<div class=\"elementor-widget-container\">\n\t\t\t\t\t\t\t\t\t<ol><li>Registrera dig p\u00e5\u00a0<a href=\"https:\/\/education.audac.eu\/be-en\/registrations\/register\">Audac Education Platform\u00a0<\/a>och skapa ditt utbildningskonto.<\/li><li>Under &#8221;Traning courses&#8221; i ditt utbildningskonto g\u00f6r du f\u00f6ljande kurser:<ul><li>Atellio family technical training Level 1<\/li><li>AUDAC Touch\u2122 technical training Level 1<\/li><li>Consenso family technical training Level 1<\/li><\/ul><\/li><\/ol><p>\u00a0<\/p><p style=\"text-align: center;\"><strong><span style=\"background-color: transparent; text-align: var(--text-align);\">Kurserna avslutas med ett prov<\/span><\/strong><\/p><p style=\"text-align: center;\">Du hittar dem under &#8221;online certification tests&#8221;.<\/p><div>\u00a0<\/div><p>Vid godk\u00e4nda prov registreras ert f\u00f6retag som partner och erh\u00e5ller ett nedladdningsbart certifikat.<\/p>\t\t\t\t\t\t\t\t<\/div>\n\t\t\t\t<\/div>\n\t\t\t\t<\/div>\n\t\t<div class=\"elementor-element elementor-element-8f53752 e-con-full e-flex e-con e-child\" data-id=\"8f53752\" data-element_type=\"container\">\n\t\t\t\t<div class=\"elementor-element elementor-element-a4f1071 elementor-widget elementor-widget-image\" data-id=\"a4f1071\" data-element_type=\"widget\" data-widget_type=\"image.default\">\n\t\t\t\t<div class=\"elementor-widget-container\">\n\t\t\t\t\t\t\t\t\t\t\t\t\t\t\t<img decoding=\"async\" src=\"https:\/\/www.starfelt.se\/wp-content\/uploads\/2024\/01\/AUDAC-Education-get-certified-header-e1723722194765.jpg\" title=\"\" alt=\"Utbildningsplattform f\u00f6r audiovisuell teknik, Audac education,\" loading=\"lazy\" \/>\t\t\t\t\t\t\t\t\t\t\t\t\t\t\t<\/div>\n\t\t\t\t<\/div>\n\t\t\t\t<div class=\"elementor-element elementor-element-6c97b16 elementor-absolute elementor-widget elementor-widget-image\" data-id=\"6c97b16\" data-element_type=\"widget\" data-settings=\"{&quot;_position&quot;:&quot;absolute&quot;}\" data-widget_type=\"image.default\">\n\t\t\t\t<div class=\"elementor-widget-container\">\n\t\t\t\t\t\t\t\t\t\t\t\t\t\t\t<img decoding=\"async\" src=\"https:\/\/www.starfelt.se\/wp-content\/uploads\/2024\/01\/cts-logo.png.png\" title=\"\" alt=\"cts certificate logo\" loading=\"lazy\" \/>\t\t\t\t\t\t\t\t\t\t\t\t\t\t\t<\/div>\n\t\t\t\t<\/div>\n\t\t\t\t<\/div>\n\t\t\t\t\t<\/div>\n\t\t\t\t<\/div>\n\t\t<div class=\"elementor-element elementor-element-db8f84d e-flex e-con-boxed e-con e-parent\" data-id=\"db8f84d\" data-element_type=\"container\">\n\t\t\t\t\t<div class=\"e-con-inner\">\n\t\t\t\t<div class=\"elementor-element elementor-element-8cb79e1 elementor-widget elementor-widget-heading\" data-id=\"8cb79e1\" data-element_type=\"widget\" data-widget_type=\"heading.default\">\n\t\t\t\t<div class=\"elementor-widget-container\">\n\t\t\t\t\t<h2 class=\"elementor-heading-title elementor-size-default\">H\u00e5ll dig uppdaterad om kommande kurser, b\u00e5de p\u00e5 plats och online<\/h2>\t\t\t\t<\/div>\n\t\t\t\t<\/div>\n\t\t\t\t\t<\/div>\n\t\t\t\t<\/div>\n\t\t<div class=\"elementor-element elementor-element-b824360 e-flex e-con-boxed e-con e-parent\" data-id=\"b824360\" data-element_type=\"container\">\n\t\t\t\t\t<div class=\"e-con-inner\">\n\t\t\t\t\t<\/div>\n\t\t\t\t<\/div>\n\t\t\t\t<\/div>\n\t\t","protected":false},"excerpt":{"rendered":"<p>Nya m\u00f6jligheter att bli Audac certifierad partner. Se datum f\u00f6r kommande kurser.<\/p>\n","protected":false},"author":2,"featured_media":14149,"parent":0,"menu_order":0,"comment_status":"closed","ping_status":"closed","template":"","meta":{"footnotes":""},"class_list":["post-13523","page","type-page","status-publish","has-post-thumbnail","hentry"],"_links":{"self":[{"href":"https:\/\/dev.starfelt.se\/index.php\/wp-json\/wp\/v2\/pages\/13523","targetHints":{"allow":["GET"]}}],"collection":[{"href":"https:\/\/dev.starfelt.se\/index.php\/wp-json\/wp\/v2\/pages"}],"about":[{"href":"https:\/\/dev.starfelt.se\/index.php\/wp-json\/wp\/v2\/types\/page"}],"author":[{"embeddable":true,"href":"https:\/\/dev.starfelt.se\/index.php\/wp-json\/wp\/v2\/users\/2"}],"replies":[{"embeddable":true,"href":"https:\/\/dev.starfelt.se\/index.php\/wp-json\/wp\/v2\/comments?post=13523"}],"version-history":[{"count":0,"href":"https:\/\/dev.starfelt.se\/index.php\/wp-json\/wp\/v2\/pages\/13523\/revisions"}],"wp:featuredmedia":[{"embeddable":true,"href":"https:\/\/dev.starfelt.se\/index.php\/wp-json\/"}],"wp:attachment":[{"href":"https:\/\/dev.starfelt.se\/index.php\/wp-json\/wp\/v2\/media?parent=13523"}],"curies":[{"name":"wp","href":"https:\/\/api.w.org\/{rel}","templated":true}]}}